{"id":2985,"date":"2024-09-14T14:07:42","date_gmt":"2024-09-14T14:07:42","guid":{"rendered":"https:\/\/casavieiralobo.com\/?page_id=2985"},"modified":"2024-09-16T10:53:30","modified_gmt":"2024-09-16T10:53:30","slug":"parcerias","status":"publish","type":"page","link":"https:\/\/casavieiralobo.com\/fr\/parcerias\/","title":{"rendered":"Partenariats"},"content":{"rendered":"<p>[vc_row css_animation=&#8221;bounceInLeft&#8221;][vc_column width=&#8221;1\/2&#8243;]\t\t<div class=\"homey-module module-title section-title-module text-left \">\r\n\t\t\t<h2 >Just Come<\/h2>\r\n\r\n\t\t\t<p  class=\"sub-heading\"><\/p>\r\n\t\t<\/div>\r\n\t\t[vc_column_text]<span style=\"font-weight: 400;\">Just Come est une entreprise de divertissement touristique sp\u00e9cialis\u00e9e dans le G\u00e9oparc d&#8217;Arouca, qui propose une vari\u00e9t\u00e9 d&#8217;activit\u00e9s li\u00e9es \u00e0 la nature et \u00e0 l&#8217;aventure. Les principales options sont les suivantes<\/span><\/p>\n<ul>\n<li><b>Excursions en jeep<\/b><span style=\"font-weight: 400;\"> : d\u00e9couverte de lieux comme la Serra da Freita et de villages traditionnels, en passant par des paysages \u00e9poustouflants et des points d&#8217;int\u00e9r\u00eat g\u00e9ologique.<\/span><\/li>\n<li><b>Visites \u00e0 pied<\/b> : visites guid\u00e9es des passerelles de Paiva et du pont 516 Arouca, avec des sentiers traversant des paysages spectaculaires, et du village magique de Drave, accessible uniquement \u00e0 pied.<\/li>\n<li><b>Activit\u00e9s d&#8217;aventure<\/b> : les points forts sont le rafting sur les eaux agit\u00e9es de la rivi\u00e8re Paiva, le canyoning dans les belles chutes d&#8217;eau et l&#8217;activit\u00e9 palpitante du tubing sur la rivi\u00e8re en \u00e9t\u00e9.<\/li>\n<\/ul>\n<p><span style=\"font-weight: 400;\">L&#8217;entreprise organise \u00e9galement des programmes personnalis\u00e9s adapt\u00e9s aux pr\u00e9f\u00e9rences des visiteurs, garantissant une exp\u00e9rience compl\u00e8te et sans souci.<\/span>[\/vc_column_text]<div style=\"clear:both; width:100%; height:10px\"><\/div>[vc_btn title=&#8221;Just Come&#8221; style=&#8221;custom&#8221; custom_background=&#8221;#d2ba70&#8243; custom_text=&#8221;#ffffff&#8221; size=&#8221;sm&#8221; align=&#8221;center&#8221; link=&#8221;url:https%3A%2F%2Fjustcome.pt%2F&#8221;][\/vc_column][vc_column width=&#8221;1\/2&#8243;][vc_images_carousel images=&#8221;2988,2989,3001&#8243; img_size=&#8221;full&#8221; autoplay=&#8221;yes&#8221; hide_pagination_control=&#8221;yes&#8221; wrap=&#8221;yes&#8221;][\/vc_column][\/vc_row][vc_row][vc_column]<div style=\"clear:both; width:100%; height:100px\"><\/div>[\/vc_column][\/vc_row][vc_row css_animation=&#8221;bounceInRight&#8221;][vc_column width=&#8221;1\/2&#8243;][vc_images_carousel images=&#8221;2992,2993,2994&#8243; img_size=&#8221;full&#8221; autoplay=&#8221;yes&#8221; hide_pagination_control=&#8221;yes&#8221; wrap=&#8221;yes&#8221;][\/vc_column][vc_column width=&#8221;1\/2&#8243;]\t\t<div class=\"homey-module module-title section-title-module text-left \">\r\n\t\t\t<h2 >Natour Way<\/h2>\r\n\r\n\t\t\t<p  class=\"sub-heading\"><\/p>\r\n\t\t<\/div>\r\n\t\t[vc_column_text]<span style=\"font-weight: 400;\">Natour Way propose une vari\u00e9t\u00e9 d&#8217;activit\u00e9s ax\u00e9es sur le tourisme d&#8217;aventure et de nature, principalement dans le g\u00e9oparc d&#8217;Arouca et la r\u00e9gion de Montanhas M\u00e1gicas. Les principales exp\u00e9riences sont les suivantes<\/span><\/p>\n<ul>\n<li><b>Excursions en jeep<\/b><span style=\"font-weight: 400;\"> &#8211; Id\u00e9ales pour ceux qui souhaitent explorer de vastes zones du territoire en peu de temps, confortablement et sans effort.<\/span><\/li>\n<li><b>Visites guid\u00e9es<\/b> &#8211; Pour ceux qui veulent conna\u00eetre en profondeur la culture et le patrimoine locaux, ces visites \u00e0 pied sont parfaites pour s&#8217;immerger dans l&#8217;histoire et la g\u00e9ographie de la r\u00e9gion.<\/li>\n<li><b>Buggy Experiences<\/b> &#8211; Une aventure pleine d&#8217;adr\u00e9naline au cours de laquelle vous pouvez conduire des buggys CAN-AM sur des pistes palpitantes.<\/li>\n<li><b>Activit\u00e9s d&#8217;aventure<\/b> &#8211; Ces activit\u00e9s s&#8217;adressent aux amateurs d&#8217;adr\u00e9naline et proposent des exp\u00e9riences stimulantes dans les zones naturelles des rivi\u00e8res Paiva et Douro, notamment le c\u00e9l\u00e8bre pont suspendu 516 Arouca et les passerelles Paiva.<\/li>\n<\/ul>\n<p>[\/vc_column_text]<div style=\"clear:both; width:100%; height:10px\"><\/div>[vc_btn title=&#8221;Natour Way&#8221; style=&#8221;custom&#8221; custom_background=&#8221;#d2ba70&#8243; custom_text=&#8221;#ffffff&#8221; size=&#8221;sm&#8221; align=&#8221;center&#8221; link=&#8221;url:https%3A%2F%2Fnatourway.com%2F&#8221;][\/vc_column][\/vc_row][vc_row][vc_column]<div style=\"clear:both; width:100%; height:100px\"><\/div>[\/vc_column][\/vc_row][vc_row css_animation=&#8221;bounceInLeft&#8221;][vc_column width=&#8221;1\/2&#8243;]\t\t<div class=\"homey-module module-title section-title-module text-left \">\r\n\t\t\t<h2 >Rotas no Paiva<\/h2>\r\n\r\n\t\t\t<p  class=\"sub-heading\"><\/p>\r\n\t\t<\/div>\r\n\t\t[vc_column_text]<span style=\"font-weight: 400;\">L&#8217;entreprise Rotas no Paiva propose une vari\u00e9t\u00e9 d&#8217;activit\u00e9s touristiques visant \u00e0 offrir des exp\u00e9riences uniques dans la r\u00e9gion d&#8217;Arouca. Les principales activit\u00e9s sont les suivantes<\/span><\/p>\n<ul>\n<li><b>Excursions en jeep<\/b><span style=\"font-weight: 400;\">, sur route et hors route, permettant d&#8217;explorer la vall\u00e9e de Paiva et la r\u00e9gion du Douro \u00e0 bord d&#8217;une voiture d\u00e9capotable UMM. <\/span><\/li>\n<li><b>Des visites \u00e0 pied et des transferts<\/b> vers les passerelles de Paiva, qui relient la plage d&#8217;Espiunca \u00e0 Areinho. Vous pouvez \u00e9galement opter pour un pique-nique avec des produits r\u00e9gionaux pendant les visites, sur demande pr\u00e9alable.<\/li>\n<\/ul>\n<p>[\/vc_column_text]<div style=\"clear:both; width:100%; height:10px\"><\/div>[vc_btn title=&#8221;Rotas no Paiva&#8221; style=&#8221;custom&#8221; custom_background=&#8221;#d2ba70&#8243; custom_text=&#8221;#ffffff&#8221; size=&#8221;sm&#8221; align=&#8221;center&#8221; link=&#8221;url:https%3A%2F%2Frotasnopaiva.com%2Fpt%2Fhome&#8221;][\/vc_column][vc_column width=&#8221;1\/2&#8243;][vc_images_carousel images=&#8221;2995,2996,2997&#8243; img_size=&#8221;full&#8221; autoplay=&#8221;yes&#8221; hide_pagination_control=&#8221;yes&#8221; wrap=&#8221;yes&#8221; css=&#8221;.vc_custom_1726323631605{margin-right: 0px !important;}&#8221;][\/vc_column][\/vc_row][vc_row][vc_column]<div style=\"clear:both; width:100%; height:100px\"><\/div>[\/vc_column][\/vc_row][vc_row css_animation=&#8221;bounceInRight&#8221;][vc_column width=&#8221;1\/2&#8243;][\/vc_column][vc_column width=&#8221;1\/2&#8243;]\t\t<div class=\"homey-module module-title section-title-module text-left \">\r\n\t\t\t<h2 >Boulangerie Pastelaria Carocha<\/h2>\r\n\r\n\t\t\t<p  class=\"sub-heading\"><\/p>\r\n\t\t<\/div>\r\n\t\t[vc_column_text]<span style=\"font-weight: 400;\">La <\/span><b>boulangerie Pastelaria Carocha<\/b><span style=\"font-weight: 400;\">, situ\u00e9e \u00e0 l&#8217;entr\u00e9e de la Casa Vieira Lobo, est charg\u00e9e d&#8217;apporter fra\u00eecheur et saveur \u00e0 votre petit-d\u00e9jeuner. Cette p\u00e2tisserie locale traditionnelle propose chaque jour des pains artisanaux, de d\u00e9licieux croissants et d&#8217;autres produits frais qui constituent le premier repas de la journ\u00e9e dans notre h\u00e9bergement. La proximit\u00e9 du Beetle permet aux clients de profiter de produits toujours frais, pr\u00e9par\u00e9s avec des ingr\u00e9dients de qualit\u00e9, qui compl\u00e8tent l&#8217;exp\u00e9rience authentique et chaleureuse de la Casa Vieira Lobo.<\/span>[\/vc_column_text]<div style=\"clear:both; width:100%; height:10px\"><\/div>[vc_btn title=&#8221;Boulangerie Pastelaria Carocha&#8221; style=&#8221;custom&#8221; custom_background=&#8221;#d2ba70&#8243; custom_text=&#8221;#ffffff&#8221; size=&#8221;sm&#8221; align=&#8221;center&#8221; link=&#8221;url:https%3A%2F%2Fwww.facebook.com%2FPastelariaCarocha%2F%3Flocale%3Dpt_PT&#8221;][\/vc_column][\/vc_row]<\/p>\n","protected":false},"excerpt":{"rendered":"<p>[vc_row css_animation=&#8221;bounceInLeft&#8221;][vc_column width=&#8221;1\/2&#8243;][vc_column_text]Just Come est une entreprise de divertissement touristique sp\u00e9cialis\u00e9e dans le G\u00e9oparc d&#8217;Arouca, qui propose une vari\u00e9t\u00e9 d&#8217;activit\u00e9s li\u00e9es \u00e0 la nature et \u00e0 l&#8217;aventure. Les principales options sont les suivantes Excursions en jeep : d\u00e9couverte de lieux comme la Serra da Freita et de villages traditionnels, en passant par des paysages \u00e9poustouflants [&hellip;]<\/p>\n","protected":false},"author":1,"featured_media":0,"parent":0,"menu_order":0,"comment_status":"closed","ping_status":"closed","template":"","meta":{"inline_featured_image":false,"footnotes":"","_joinchat":[]},"_links":{"self":[{"href":"https:\/\/casavieiralobo.com\/fr\/wp-json\/wp\/v2\/pages\/2985"}],"collection":[{"href":"https:\/\/casavieiralobo.com\/fr\/wp-json\/wp\/v2\/pages"}],"about":[{"href":"https:\/\/casavieiralobo.com\/fr\/wp-json\/wp\/v2\/types\/page"}],"author":[{"embeddable":true,"href":"https:\/\/casavieiralobo.com\/fr\/wp-json\/wp\/v2\/users\/1"}],"replies":[{"embeddable":true,"href":"https:\/\/casavieiralobo.com\/fr\/wp-json\/wp\/v2\/comments?post=2985"}],"version-history":[{"count":12,"href":"https:\/\/casavieiralobo.com\/fr\/wp-json\/wp\/v2\/pages\/2985\/revisions"}],"predecessor-version":[{"id":2991,"href":"https:\/\/casavieiralobo.com\/fr\/wp-json\/wp\/v2\/pages\/2985\/revisions\/2991"}],"wp:attachment":[{"href":"https:\/\/casavieiralobo.com\/fr\/wp-json\/wp\/v2\/media?parent=2985"}],"curies":[{"name":"wp","href":"https:\/\/api.w.org\/{rel}","templated":true}]}}