{"id":2808,"date":"2024-08-13T12:04:11","date_gmt":"2024-08-13T12:04:11","guid":{"rendered":"https:\/\/casavieiralobo.com\/?page_id=2808"},"modified":"2024-10-09T08:47:34","modified_gmt":"2024-10-09T08:47:34","slug":"activities","status":"publish","type":"page","link":"https:\/\/casavieiralobo.com\/fr\/activities\/","title":{"rendered":"Activit\u00e9s"},"content":{"rendered":"<p>[vc_row css_animation=&#8221;bounceInLeft&#8221;][vc_column width=&#8221;1\/2&#8243;]\t\t<div class=\"homey-module module-title section-title-module text-left \">\r\n\t\t\t<h2 >G\u00e9oparc d&#039;Arouca<\/h2>\r\n\r\n\t\t\t<p  class=\"sub-heading\"><\/p>\r\n\t\t<\/div>\r\n\t\t[vc_column_text]<span style=\"font-weight: 400;\">Le g\u00e9oparc d&#8217;Arouca est un projet qui vise \u00e0 prot\u00e9ger et \u00e0 mettre en valeur le patrimoine g\u00e9ologique d&#8217;Arouca, reconnu \u00e0 l&#8217;\u00e9chelle internationale. Avec 41 g\u00e9osites identifi\u00e9s et une strat\u00e9gie de d\u00e9veloppement territorial, il offre diverses attractions, telles que la route des g\u00e9osites et le r\u00e9seau de sentiers de randonn\u00e9e d&#8217;Arouca.<\/span><\/p>\n<p><span style=\"font-weight: 400;\">En outre, des op\u00e9rateurs locaux organisent des excursions qui permettent de d\u00e9couvrir de petits villages pittoresques, des merveilles naturelles telles que des cascades, et de s&#8217;approcher des troupeaux de ch\u00e8vres, de moutons et de la race bovine typique d&#8217;Arouca. Pour les plus aventureux, il est \u00e9galement possible de descendre la rivi\u00e8re Paiva en cano\u00eb ou en kayak.<\/span>[\/vc_column_text][\/vc_column][vc_column width=&#8221;1\/2&#8243;][vc_video link=&#8221;https:\/\/www.youtube.com\/watch?v=1H6A4uQKy9A&amp;t=39s&#8221; align=&#8221;center&#8221;][\/vc_column][\/vc_row][vc_row][vc_column]<div style=\"clear:both; width:100%; height:100px\"><\/div>[\/vc_column][\/vc_row][vc_row css_animation=&#8221;bounceInRight&#8221;][vc_column width=&#8221;1\/2&#8243;][vc_video link=&#8221;https:\/\/www.youtube.com\/watch?v=ARgBfEpbWaY&#8221; align=&#8221;center&#8221;][\/vc_column][vc_column width=&#8221;1\/2&#8243;]\t\t<div class=\"homey-module module-title section-title-module text-left \">\r\n\t\t\t<h2 >Passerelles et pont de Paiva 516 Arouca<\/h2>\r\n\r\n\t\t\t<p  class=\"sub-heading\"><\/p>\r\n\t\t<\/div>\r\n\t\t[vc_column_text]<span style=\"font-weight: 400;\">Les passerelles de Paiva sont l&#8217;une des plus grandes attractions touristiques d&#8217;Arouca et de tout le pays. Cet itin\u00e9raire p\u00e9destre de 8 kilom\u00e8tres est situ\u00e9 sur les pentes de la rive gauche de la rivi\u00e8re Paiva, reliant les plages fluviales d&#8217;Areinho et d&#8217;Espiunca.<\/span><\/p>\n<p><span style=\"font-weight: 400;\">L&#8217;attraction la plus r\u00e9cente des promenades de Paiva est le pont 516 d&#8217;Arouca, l&#8217;un des plus grands ponts pi\u00e9tonniers suspendus du monde, long de 516 m\u00e8tres et haut de 175 m\u00e8tres. La travers\u00e9e se fait sur<\/span>[\/vc_column_text][\/vc_column][\/vc_row][vc_row][vc_column]<div style=\"clear:both; width:100%; height:100px\"><\/div>[\/vc_column][\/vc_row][vc_row css_animation=&#8221;bounceInLeft&#8221;][vc_column width=&#8221;1\/2&#8243;]\t\t<div class=\"homey-module module-title section-title-module text-left \">\r\n\t\t\t<h2 >Serra da Freita<\/h2>\r\n\r\n\t\t\t<p  class=\"sub-heading\"><\/p>\r\n\t\t<\/div>\r\n\t\t[vc_column_text]<span style=\"font-weight: 400;\">La Serra da Freita est une destination incontournable de la r\u00e9gion. Elle abrite 17 des 41 g\u00e9osites du g\u00e9oparc d&#8217;Arouca. L&#8217;air pur de la montagne attire tous ceux qui la traversent et les conduit \u00e0 explorer des sentiers qui m\u00e8nent \u00e0 des sites historiques tels que le Mamoa da Portela da Anta.<\/span><\/p>\n<p><span style=\"font-weight: 400;\">De loin, on aper\u00e7oit de petits villages encastr\u00e9s dans le paysage et, de pr\u00e8s, on assiste \u00e0 des ph\u00e9nom\u00e8nes uniques au monde, comme les Pedras Parideiras. L&#8217;impressionnante chute d&#8217;eau de Frecha da Mizarela est \u00e0 couper le souffle, et pour les plus aventureux, les montagnes offrent des sports d&#8217;aventure et divers itin\u00e9raires de randonn\u00e9e.<\/span>[\/vc_column_text][\/vc_column][vc_column width=&#8221;1\/2&#8243;][vc_video link=&#8221;https:\/\/www.youtube.com\/watch?v=A8jCiZe8f8Q&#8221; align=&#8221;center&#8221;][\/vc_column][\/vc_row][vc_row][vc_column]<div style=\"clear:both; width:100%; height:100px\"><\/div>[\/vc_column][\/vc_row][vc_row css_animation=&#8221;bounceInRight&#8221;][vc_column width=&#8221;1\/2&#8243;][vc_images_carousel images=&#8221;2854,2855,2856,2857,2858,2859&#8243; img_size=&#8221;full&#8221; autoplay=&#8221;yes&#8221; hide_pagination_control=&#8221;yes&#8221; wrap=&#8221;yes&#8221;][\/vc_column][vc_column width=&#8221;1\/2&#8243;]\t\t<div class=\"homey-module module-title section-title-module text-left \">\r\n\t\t\t<h2 >Monast\u00e8re d&#039;Arouca<\/h2>\r\n\r\n\t\t\t<p  class=\"sub-heading\"><\/p>\r\n\t\t<\/div>\r\n\t\t[vc_column_text]<span style=\"font-weight: 400;\">Le monast\u00e8re d&#8217;Arouca \u00e9tait un couvent qui a h\u00e9berg\u00e9 des religieuses pendant des si\u00e8cles. Au cours de la visite guid\u00e9e, vous d\u00e9couvrirez l&#8217;histoire du monast\u00e8re, son lien avec la reine Sainte-Mafalda et la vie quotidienne des religieuses dans les clo\u00eetres.\u00a0<\/span><\/p>\n<p><span style=\"font-weight: 400;\">Ne manquez pas de visiter le mus\u00e9e d&#8217;art sacr\u00e9, o\u00f9 vous pourrez admirer une pr\u00e9cieuse collection d&#8217;objets liturgiques et d&#8217;autres tr\u00e9sors inestimables.<\/span>[\/vc_column_text][\/vc_column][\/vc_row][vc_row][vc_column]<div style=\"clear:both; width:100%; height:100px\"><\/div>[\/vc_column][\/vc_row][vc_row css_animation=&#8221;bounceInLeft&#8221;][vc_column width=&#8221;1\/2&#8243;]\t\t<div class=\"homey-module module-title section-title-module text-left \">\r\n\t\t\t<h2 >Ecovia do Arda<\/h2>\r\n\r\n\t\t\t<p  class=\"sub-heading\"><\/p>\r\n\t\t<\/div>\r\n\t\t[vc_column_text]<span style=\"font-weight: 400;\">Situ\u00e9e au c\u0153ur de la vall\u00e9e d&#8217;Arouca, l&#8217;Ecovia do Arda traverse six paroisses de la r\u00e9gion, en suivant toujours le trac\u00e9 de la rivi\u00e8re Arda. D&#8217;une longueur de pr\u00e8s de 11 kilom\u00e8tres, l&#8217;itin\u00e9raire peut \u00eatre parcouru \u00e0 pied ou \u00e0 v\u00e9lo, r\u00e9v\u00e9lant au passage la vie de la vall\u00e9e et son pr\u00e9cieux patrimoine naturel et culturel, profond\u00e9ment li\u00e9 au travail agricole. Tout au long du parcours, des panneaux d&#8217;information permettent de d\u00e9couvrir la g\u00e9ologie, la biodiversit\u00e9 et l&#8217;histoire de cette zone, qui fait partie du G\u00e9oparc mondial Arouca de l&#8217;UNESCO.<\/span>[\/vc_column_text][\/vc_column][vc_column width=&#8221;1\/2&#8243;][vc_video link=&#8221;https:\/\/www.youtube.com\/watch?v=&#8211;WJjX8njas&amp;t=46s&#8221; align=&#8221;center&#8221;][\/vc_column][\/vc_row][vc_row css_animation=&#8221;bounceInLeft&#8221;][vc_column]<div style=\"clear:both; width:100%; height:100px\"><\/div>[\/vc_column][\/vc_row][vc_row css_animation=&#8221;bounceInRight&#8221;][vc_column width=&#8221;1\/2&#8243;][vc_images_carousel images=&#8221;2974,2975,2976,2977&#8243; img_size=&#8221;full&#8221; autoplay=&#8221;yes&#8221; hide_pagination_control=&#8221;yes&#8221; wrap=&#8221;yes&#8221;][\/vc_column][vc_column width=&#8221;1\/2&#8243;]\t\t<div class=\"homey-module module-title section-title-module text-left \">\r\n\t\t\t<h2 >Villages traditionnels<\/h2>\r\n\r\n\t\t\t<p  class=\"sub-heading\"><\/p>\r\n\t\t<\/div>\r\n\t\t[vc_column_text]<span style=\"font-weight: 400;\">Les villages traditionnels d&#8217;Arouca, construits en granit ou en schiste, conservent d&#8217;anciennes traditions et enchantent les visiteurs par leur riche patrimoine, leurs magnifiques paysages et l&#8217;hospitalit\u00e9 simple et chaleureuse de leurs habitants. D&#8217;innombrables sentiers \u00e0 parcourir, \u00e0 pied, en voiture ou \u00e0 v\u00e9lo, relient ces villages. Laissez-vous envelopper par la nature, appr\u00e9ciez le parfum des fleurs sauvages, savourez les plats typiques de la r\u00e9gion et profitez de chaque instant.<\/span>[\/vc_column_text][\/vc_column][\/vc_row][vc_row css_animation=&#8221;bounceInLeft&#8221;][vc_column]<div style=\"clear:both; width:100%; height:100px\"><\/div>[\/vc_column][\/vc_row][vc_row css_animation=&#8221;bounceInLeft&#8221;][vc_column width=&#8221;1\/2&#8243;]\t\t<div class=\"homey-module module-title section-title-module text-left \">\r\n\t\t\t<h2 >Exp\u00e9rience gastronomique<\/h2>\r\n\r\n\t\t\t<p  class=\"sub-heading\"><\/p>\r\n\t\t<\/div>\r\n\t\t[vc_column_text]<span style=\"font-weight: 400;\">Arouca est un v\u00e9ritable paradis pour les amateurs de gastronomie portugaise. Ici, la viande est \u00e0 l&#8217;honneur : le veau d&#8217;Arouquesa, le chevreau de Gralheira et les steaks d&#8217;Alvarenga sont les points forts de la cuisine locale. Les vins de la r\u00e9gion, le vinho verde, compl\u00e8tent le repas, qui se termine en beaut\u00e9 par des douceurs r\u00e9gionales et conventuelles.<\/span><\/p>\n<p><span style=\"font-weight: 400;\">Les amateurs de sucreries conventuelles seront combl\u00e9s par les d\u00e9lices locaux. Les religieuses du monast\u00e8re de Santa Maria de Arouca ont laiss\u00e9 un h\u00e9ritage riche en saveurs, comme les ch\u00e2taignes, le manjar de l\u00edngua, les roscas et les cigares aux amandes, les morcelas doces et la bola de S. Bernardo. En outre, les sucreries traditionnelles comprennent les cavacas, les g\u00e9noises, les melindres et les curieuses &#8220;pedras parideiras&#8221;.<\/span>[\/vc_column_text][\/vc_column][vc_column width=&#8221;1\/2&#8243;][vc_images_carousel images=&#8221;2860,2861,2862,2863,2864,2865&#8243; img_size=&#8221;full&#8221; autoplay=&#8221;yes&#8221; hide_pagination_control=&#8221;yes&#8221; wrap=&#8221;yes&#8221; css=&#8221;.vc_custom_1723564011176{margin-right: 0px !important;}&#8221;][\/vc_column][\/vc_row]<\/p>\n","protected":false},"excerpt":{"rendered":"<p>[vc_row css_animation=&#8221;bounceInLeft&#8221;][vc_column width=&#8221;1\/2&#8243;][vc_column_text]Le g\u00e9oparc d&#8217;Arouca est un projet qui vise \u00e0 prot\u00e9ger et \u00e0 mettre en valeur le patrimoine g\u00e9ologique d&#8217;Arouca, reconnu \u00e0 l&#8217;\u00e9chelle internationale. Avec 41 g\u00e9osites identifi\u00e9s et une strat\u00e9gie de d\u00e9veloppement territorial, il offre diverses attractions, telles que la route des g\u00e9osites et le r\u00e9seau de sentiers de randonn\u00e9e d&#8217;Arouca. En outre, [&hellip;]<\/p>\n","protected":false},"author":1,"featured_media":0,"parent":0,"menu_order":0,"comment_status":"closed","ping_status":"closed","template":"","meta":{"inline_featured_image":false,"footnotes":"","_joinchat":[]},"_links":{"self":[{"href":"https:\/\/casavieiralobo.com\/fr\/wp-json\/wp\/v2\/pages\/2808"}],"collection":[{"href":"https:\/\/casavieiralobo.com\/fr\/wp-json\/wp\/v2\/pages"}],"about":[{"href":"https:\/\/casavieiralobo.com\/fr\/wp-json\/wp\/v2\/types\/page"}],"author":[{"embeddable":true,"href":"https:\/\/casavieiralobo.com\/fr\/wp-json\/wp\/v2\/users\/1"}],"replies":[{"embeddable":true,"href":"https:\/\/casavieiralobo.com\/fr\/wp-json\/wp\/v2\/comments?post=2808"}],"version-history":[{"count":31,"href":"https:\/\/casavieiralobo.com\/fr\/wp-json\/wp\/v2\/pages\/2808\/revisions"}],"predecessor-version":[{"id":3095,"href":"https:\/\/casavieiralobo.com\/fr\/wp-json\/wp\/v2\/pages\/2808\/revisions\/3095"}],"wp:attachment":[{"href":"https:\/\/casavieiralobo.com\/fr\/wp-json\/wp\/v2\/media?parent=2808"}],"curies":[{"name":"wp","href":"https:\/\/api.w.org\/{rel}","templated":true}]}}