{"id":3,"date":"2020-12-11T11:30:19","date_gmt":"2020-12-11T11:30:19","guid":{"rendered":"https:\/\/casavieiralobo.com\/?page_id=3"},"modified":"2024-09-16T11:41:33","modified_gmt":"2024-09-16T11:41:33","slug":"politica-privacidade","status":"publish","type":"page","link":"https:\/\/casavieiralobo.com\/es\/politica-privacidade\/","title":{"rendered":"Pol\u00edtica de privacidad"},"content":{"rendered":"<p><span style=\"font-weight: 400;\">La protecci\u00f3n de sus datos personales es una prioridad para CASA VIEIRA LOBO.\u00a0 A continuaci\u00f3n describimos qui\u00e9nes somos, para qu\u00e9 fines pueden utilizarse sus datos, c\u00f3mo los procesamos, con qui\u00e9n los compartimos y durante cu\u00e1nto tiempo se conservan.\u00a0\u00a0<\/span><\/p>\n<p>&nbsp;<\/p>\n<p><span style=\"font-weight: 400;\">QUI\u00c9NES SOMOS<\/span><\/p>\n<p><span style=\"font-weight: 400;\">CASA VIEIRA LOBO es un alojamiento local con n\u00famero de registro 125150\/AL, perteneciente a la empresa Vers\u00e1til Retorno Lda, NIF 513918590 es el leg\u00edtimo titular y por tanto responsable del sitio web y como tal se compromete a garantizar la privacidad de los datos personales de sus usuarios de acuerdo con lo establecido en el Reglamento (UE) 2016\/679 del Parlamento Europeo y del Consejo de 27 de abril de 2016 relativo a la protecci\u00f3n de las personas f\u00edsicas en lo que respecta al tratamiento de datos personales y a la libre circulaci\u00f3n de estos datos (GDPR).<\/span><\/p>\n<p>&nbsp;<\/p>\n<p><span style=\"font-weight: 400;\">FINALIDADES DE LOS DATOS PERSONALES\u00a0<\/span><\/p>\n<p><span style=\"font-weight: 400;\">Sus datos personales podr\u00e1n ser recogidos y tratados por CASA VIEIRA LOBO para las siguientes finalidades:<\/span><\/p>\n<ol>\n<li><span style=\"font-weight: 400;\">Cumplir con las obligaciones legales a las que est\u00e1 sujeta CASA VIEIRA LOBO, en concreto las comunicaciones al Servicio de Extranjer\u00eda y Fronteras y la facturaci\u00f3n.<\/span><\/li>\n<li><span style=\"font-weight: 400;\">A efectos de la ejecuci\u00f3n del Contrato de Alojamiento Temporal para Turistas o del Contrato de Gesti\u00f3n de Alojamiento Local suscrito con CASA VIEIRA LOBO, a saber, operaciones de pago, gesti\u00f3n de entradas y salidas, gesti\u00f3n de hu\u00e9spedes, gesti\u00f3n de obligaciones contractuales o a efectos de due diligence precontractual.<\/span><\/li>\n<li><span style=\"font-weight: 400;\">A efectos de contacto a trav\u00e9s de correo electr\u00f3nico, comunicaciones m\u00f3viles, plataformas digitales, en el \u00e1mbito de las estrategias de marketing de CASA VIEIRA LOBO, informaci\u00f3n y comunicaciones comerciales y contractuales, as\u00ed como para solicitudes de informaci\u00f3n.<\/span><\/li>\n<li><span style=\"font-weight: 400;\">Con fines de an\u00e1lisis estad\u00edstico.<\/span><\/li>\n<\/ol>\n<p>&nbsp;<\/p>\n<p><span style=\"font-weight: 400;\">POR QU\u00c9 RECOGEMOS SUS DATOS\u00a0<\/span><\/p>\n<p><span style=\"font-weight: 400;\">El tratamiento de sus datos personales se llevar\u00e1 a cabo sobre la base de la ejecuci\u00f3n del Contrato de Alojamiento Temporal para Turistas, del Contrato de Gesti\u00f3n de Alojamiento Local y del cumplimiento de las obligaciones legales impuestas a CASA VIEIRA LOBO, a saber, por la legislaci\u00f3n sobre Entrada, Estancia y Salida de Extranjeros en Territorio Nacional y la legislaci\u00f3n fiscal (art\u00edculo 6.1 b) y c) del GDPR).<\/span><\/p>\n<p><span style=\"font-weight: 400;\">Los datos personales recogidos para las finalidades previstas en los apartados c) y d) del punto anterior se basan en el consentimiento otorgado por usted a CASA VIEIRA LOBO para el respectivo tratamiento (art\u00edculo 6.1 a) y art\u00edculo 6.1 f) del GDPR).<\/span><\/p>\n<p>&nbsp;<\/p>\n<p><span style=\"font-weight: 400;\">TIPO DE DATOS PERSONALES RECOGIDOS<\/span><\/p>\n<p><span style=\"font-weight: 400;\">En el \u00e1mbito de su actividad, CASA VIEIRA LOBO recoger\u00e1 y tratar\u00e1 los datos personales necesarios para la prestaci\u00f3n de los servicios contratados, solicitudes de informaci\u00f3n o gestiones precontractuales, a saber, datos identificativos, de contacto, bancarios o de pago.<\/span><\/p>\n<p>&nbsp;<\/p>\n<p><span style=\"font-weight: 400;\">PLAZO DE CONSERVACI\u00d3N DE LOS DATOS<\/span><\/p>\n<p><span style=\"font-weight: 400;\">Sin perjuicio de las disposiciones legales, reglamentarias o judiciales en contrario, los datos personales recogidos s\u00f3lo se conservar\u00e1n durante el per\u00edodo m\u00ednimo necesario para los fines para los que fueron recogidos o posteriormente tratados.<\/span><\/p>\n<p>&nbsp;<\/p>\n<p><span style=\"font-weight: 400;\">CON QUI\u00c9N COMPARTIMOS LOS DATOS<\/span><\/p>\n<p><span style=\"font-weight: 400;\">CASA VEIEIRA LOBO puede tener que compartir algunos de sus datos personales con otros destinatarios. Estos destinatarios incluyen<\/span><\/p>\n<ol>\n<li><span style=\"font-weight: 400;\">Empresas afiliadas a CASA VIEIRA LOBO siempre que cumplan con una pol\u00edtica de protecci\u00f3n de datos personales equivalente.<\/span><\/li>\n<li><span style=\"font-weight: 400;\">Entidades p\u00fablicas a las que CASA VIEIRA LOBO est\u00e1 obligada legalmente a facilitar informaci\u00f3n, en concreto el Servicio de Extranjer\u00eda y Fronteras y la DGCI &#8211; Direcci\u00f3n General de Tributos.<\/span><\/li>\n<li>Autoridades competentes a las que CASA VIEIRA LOBO est\u00e9 legalmente obligada a facilitar informaci\u00f3n en el curso de un procedimiento judicial o para detectar problemas t\u00e9cnicos y\/o de seguridad, tales como \u00d3rganos Judiciales o Autoridades de Control Competentes.<\/li>\n<\/ol>\n","protected":false},"excerpt":{"rendered":"<p>La protecci\u00f3n de sus datos personales es una prioridad para CASA VIEIRA LOBO.\u00a0 A continuaci\u00f3n describimos qui\u00e9nes somos, para qu\u00e9 fines pueden utilizarse sus datos, c\u00f3mo los procesamos, con qui\u00e9n los compartimos y durante cu\u00e1nto tiempo se conservan.\u00a0\u00a0 &nbsp; QUI\u00c9NES SOMOS CASA VIEIRA LOBO es un alojamiento local con n\u00famero de registro 125150\/AL, perteneciente a [&hellip;]<\/p>\n","protected":false},"author":1,"featured_media":0,"parent":0,"menu_order":0,"comment_status":"closed","ping_status":"open","template":"","meta":{"inline_featured_image":false,"footnotes":"","_joinchat":[]},"_links":{"self":[{"href":"https:\/\/casavieiralobo.com\/es\/wp-json\/wp\/v2\/pages\/3"}],"collection":[{"href":"https:\/\/casavieiralobo.com\/es\/wp-json\/wp\/v2\/pages"}],"about":[{"href":"https:\/\/casavieiralobo.com\/es\/wp-json\/wp\/v2\/types\/page"}],"author":[{"embeddable":true,"href":"https:\/\/casavieiralobo.com\/es\/wp-json\/wp\/v2\/users\/1"}],"replies":[{"embeddable":true,"href":"https:\/\/casavieiralobo.com\/es\/wp-json\/wp\/v2\/comments?post=3"}],"version-history":[{"count":5,"href":"https:\/\/casavieiralobo.com\/es\/wp-json\/wp\/v2\/pages\/3\/revisions"}],"predecessor-version":[{"id":3030,"href":"https:\/\/casavieiralobo.com\/es\/wp-json\/wp\/v2\/pages\/3\/revisions\/3030"}],"wp:attachment":[{"href":"https:\/\/casavieiralobo.com\/es\/wp-json\/wp\/v2\/media?parent=3"}],"curies":[{"name":"wp","href":"https:\/\/api.w.org\/{rel}","templated":true}]}}