{"id":2985,"date":"2024-09-14T14:07:42","date_gmt":"2024-09-14T14:07:42","guid":{"rendered":"https:\/\/casavieiralobo.com\/?page_id=2985"},"modified":"2024-09-16T10:53:30","modified_gmt":"2024-09-16T10:53:30","slug":"parcerias","status":"publish","type":"page","link":"https:\/\/casavieiralobo.com\/es\/parcerias\/","title":{"rendered":"Asociaciones"},"content":{"rendered":"<p>[vc_row css_animation=&#8221;bounceInLeft&#8221;][vc_column width=&#8221;1\/2&#8243;]\t\t<div class=\"homey-module module-title section-title-module text-left \">\r\n\t\t\t<h2 >Just Come<\/h2>\r\n\r\n\t\t\t<p  class=\"sub-heading\"><\/p>\r\n\t\t<\/div>\r\n\t\t[vc_column_text]<span style=\"font-weight: 400;\">Just Come es una empresa de animaci\u00f3n tur\u00edstica especializada en el Geoparque de Arouca, que ofrece diversas actividades relacionadas con la naturaleza y la aventura. Entre las principales opciones se encuentran<\/span><\/p>\n<ul>\n<li><b>Excursiones en Jeep<\/b><span style=\"font-weight: 400;\">: Explore lugares como la Serra da Freita y aldeas tradicionales, pasando por impresionantes paisajes y puntos de inter\u00e9s geol\u00f3gico.<\/span><\/li>\n<li><b>Excursiones a pie<\/b>: Visitas guiadas a las Pasarelas de Paiva y al Puente 516 de Arouca, con senderos por paisajes espectaculares, y a la Aldea M\u00e1gica de Drave, accesible s\u00f3lo a pie.<\/li>\n<li><b>Actividades de aventura<\/b>: Destacan el rafting en las bravas aguas del r\u00edo Paiva, el barranquismo en las bellas cascadas y la emocionante actividad del river tubing en verano.<\/li>\n<\/ul>\n<p><span style=\"font-weight: 400;\">La empresa tambi\u00e9n organiza programas personalizados adaptados a las preferencias de los visitantes, garantizando una experiencia completa y sin preocupaciones.<\/span>[\/vc_column_text]<div style=\"clear:both; width:100%; height:10px\"><\/div>[vc_btn title=&#8221;Just Come&#8221; style=&#8221;custom&#8221; custom_background=&#8221;#d2ba70&#8243; custom_text=&#8221;#ffffff&#8221; size=&#8221;sm&#8221; align=&#8221;center&#8221; link=&#8221;url:https%3A%2F%2Fjustcome.pt%2F&#8221;][\/vc_column][vc_column width=&#8221;1\/2&#8243;][vc_images_carousel images=&#8221;2988,2989,3001&#8243; img_size=&#8221;full&#8221; autoplay=&#8221;yes&#8221; hide_pagination_control=&#8221;yes&#8221; wrap=&#8221;yes&#8221;][\/vc_column][\/vc_row][vc_row][vc_column]<div style=\"clear:both; width:100%; height:100px\"><\/div>[\/vc_column][\/vc_row][vc_row css_animation=&#8221;bounceInRight&#8221;][vc_column width=&#8221;1\/2&#8243;][vc_images_carousel images=&#8221;2992,2993,2994&#8243; img_size=&#8221;full&#8221; autoplay=&#8221;yes&#8221; hide_pagination_control=&#8221;yes&#8221; wrap=&#8221;yes&#8221;][\/vc_column][vc_column width=&#8221;1\/2&#8243;]\t\t<div class=\"homey-module module-title section-title-module text-left \">\r\n\t\t\t<h2 >Natour Way<\/h2>\r\n\r\n\t\t\t<p  class=\"sub-heading\"><\/p>\r\n\t\t<\/div>\r\n\t\t[vc_column_text]<span style=\"font-weight: 400;\">Natour Way ofrece una variedad de actividades centradas en el turismo de aventura y naturaleza, principalmente en la regi\u00f3n del Geoparque de Arouca y Montanhas M\u00e1gicas. Las principales experiencias incluyen<\/span><\/p>\n<ul>\n<li><b>Excursiones en Jeep<\/b><span style=\"font-weight: 400;\"> &#8211; Ideal para aquellos que quieren explorar grandes \u00e1reas del territorio en poco tiempo, c\u00f3modamente y sin esfuerzo.<\/span><\/li>\n<li><b>Excursiones guiadas<\/b> &#8211; Para los que quieren conocer a fondo la cultura y el patrimonio local, estas excursiones a pie son perfectas para sumergirse en la historia y la geograf\u00eda de la regi\u00f3n.<\/li>\n<li><b>Experiencias en buggy<\/b> &#8211; Una aventura cargada de adrenalina en la que podr\u00e1 conducir buggies CAN-AM por emocionantes senderos.<\/li>\n<li><b>Actividades de Aventura<\/b> &#8211; Estas actividades est\u00e1n dirigidas a los amantes de la adrenalina, ofreciendo experiencias desafiantes en las \u00e1reas naturales de los r\u00edos Paiva y Duero, incluyendo el famoso Puente Colgante 516 Arouca y las Pasarelas de Paiva.<\/li>\n<\/ul>\n<p>[\/vc_column_text]<div style=\"clear:both; width:100%; height:10px\"><\/div>[vc_btn title=&#8221;Natour Way&#8221; style=&#8221;custom&#8221; custom_background=&#8221;#d2ba70&#8243; custom_text=&#8221;#ffffff&#8221; size=&#8221;sm&#8221; align=&#8221;center&#8221; link=&#8221;url:https%3A%2F%2Fnatourway.com%2F&#8221;][\/vc_column][\/vc_row][vc_row][vc_column]<div style=\"clear:both; width:100%; height:100px\"><\/div>[\/vc_column][\/vc_row][vc_row css_animation=&#8221;bounceInLeft&#8221;][vc_column width=&#8221;1\/2&#8243;]\t\t<div class=\"homey-module module-title section-title-module text-left \">\r\n\t\t\t<h2 >Rotas no Paiva<\/h2>\r\n\r\n\t\t\t<p  class=\"sub-heading\"><\/p>\r\n\t\t<\/div>\r\n\t\t[vc_column_text]<span style=\"font-weight: 400;\">La empresa Rotas do Paiva ofrece una variedad de actividades tur\u00edsticas centradas en proporcionar experiencias \u00fanicas en la regi\u00f3n de Arouca. Entre las principales actividades destacan:<\/span><\/p>\n<ul>\n<li><b>Excursiones en jeep<\/b><span style=\"font-weight: 400;\">, tanto en carretera como fuera de ella, que permiten explorar el Valle de Paiva y la regi\u00f3n del Duero a bordo de un descapotable UMM. <\/span><\/li>\n<li><b>Excursiones a pie y traslados<\/b> a las pasarelas de Paiva, que conectan la playa de Espiunca con Areinho. Adem\u00e1s, puede optar por un picnic con productos regionales durante los recorridos, previa solicitud.<\/li>\n<\/ul>\n<p>[\/vc_column_text]<div style=\"clear:both; width:100%; height:10px\"><\/div>[vc_btn title=&#8221;Rotas no Paiva&#8221; style=&#8221;custom&#8221; custom_background=&#8221;#d2ba70&#8243; custom_text=&#8221;#ffffff&#8221; size=&#8221;sm&#8221; align=&#8221;center&#8221; link=&#8221;url:https%3A%2F%2Frotasnopaiva.com%2Fpt%2Fhome&#8221;][\/vc_column][vc_column width=&#8221;1\/2&#8243;][vc_images_carousel images=&#8221;2995,2996,2997&#8243; img_size=&#8221;full&#8221; autoplay=&#8221;yes&#8221; hide_pagination_control=&#8221;yes&#8221; wrap=&#8221;yes&#8221; css=&#8221;.vc_custom_1726323631605{margin-right: 0px !important;}&#8221;][\/vc_column][\/vc_row][vc_row][vc_column]<div style=\"clear:both; width:100%; height:100px\"><\/div>[\/vc_column][\/vc_row][vc_row css_animation=&#8221;bounceInRight&#8221;][vc_column width=&#8221;1\/2&#8243;][\/vc_column][vc_column width=&#8221;1\/2&#8243;]\t\t<div class=\"homey-module module-title section-title-module text-left \">\r\n\t\t\t<h2 >Padaria Pastelaria Carocha<\/h2>\r\n\r\n\t\t\t<p  class=\"sub-heading\"><\/p>\r\n\t\t<\/div>\r\n\t\t[vc_column_text]<span style=\"font-weight: 400;\">La <\/span><b>pasteler\u00eda Pastelaria Carocha<\/b><span style=\"font-weight: 400;\">, situada convenientemente a la entrada de Casa Vieira Lobo, es la encargada de aportar frescura y sabor a su desayuno. Esta tradicional pasteler\u00eda local ofrece diariamente panes artesanos, deliciosos croissants y otros productos frescos que componen la primera comida del d\u00eda en nuestro alojamiento. La proximidad del Escarabajo garantiza que los hu\u00e9spedes disfruten de productos siempre frescos, elaborados con ingredientes de calidad, que complementan la experiencia aut\u00e9ntica y acogedora de Casa Vieira Lobo.<\/span>[\/vc_column_text]<div style=\"clear:both; width:100%; height:10px\"><\/div>[vc_btn title=&#8221;Padaria Pastelaria Carocha&#8221; style=&#8221;custom&#8221; custom_background=&#8221;#d2ba70&#8243; custom_text=&#8221;#ffffff&#8221; size=&#8221;sm&#8221; align=&#8221;center&#8221; link=&#8221;url:https%3A%2F%2Fwww.facebook.com%2FPastelariaCarocha%2F%3Flocale%3Dpt_PT&#8221;][\/vc_column][\/vc_row]<\/p>\n","protected":false},"excerpt":{"rendered":"<p>[vc_row css_animation=&#8221;bounceInLeft&#8221;][vc_column width=&#8221;1\/2&#8243;][vc_column_text]Just Come es una empresa de animaci\u00f3n tur\u00edstica especializada en el Geoparque de Arouca, que ofrece diversas actividades relacionadas con la naturaleza y la aventura. Entre las principales opciones se encuentran Excursiones en Jeep: Explore lugares como la Serra da Freita y aldeas tradicionales, pasando por impresionantes paisajes y puntos de inter\u00e9s geol\u00f3gico. [&hellip;]<\/p>\n","protected":false},"author":1,"featured_media":0,"parent":0,"menu_order":0,"comment_status":"closed","ping_status":"closed","template":"","meta":{"inline_featured_image":false,"footnotes":"","_joinchat":[]},"_links":{"self":[{"href":"https:\/\/casavieiralobo.com\/es\/wp-json\/wp\/v2\/pages\/2985"}],"collection":[{"href":"https:\/\/casavieiralobo.com\/es\/wp-json\/wp\/v2\/pages"}],"about":[{"href":"https:\/\/casavieiralobo.com\/es\/wp-json\/wp\/v2\/types\/page"}],"author":[{"embeddable":true,"href":"https:\/\/casavieiralobo.com\/es\/wp-json\/wp\/v2\/users\/1"}],"replies":[{"embeddable":true,"href":"https:\/\/casavieiralobo.com\/es\/wp-json\/wp\/v2\/comments?post=2985"}],"version-history":[{"count":12,"href":"https:\/\/casavieiralobo.com\/es\/wp-json\/wp\/v2\/pages\/2985\/revisions"}],"predecessor-version":[{"id":2991,"href":"https:\/\/casavieiralobo.com\/es\/wp-json\/wp\/v2\/pages\/2985\/revisions\/2991"}],"wp:attachment":[{"href":"https:\/\/casavieiralobo.com\/es\/wp-json\/wp\/v2\/media?parent=2985"}],"curies":[{"name":"wp","href":"https:\/\/api.w.org\/{rel}","templated":true}]}}