{"id":2808,"date":"2024-08-13T12:04:11","date_gmt":"2024-08-13T12:04:11","guid":{"rendered":"https:\/\/casavieiralobo.com\/?page_id=2808"},"modified":"2024-10-09T08:47:34","modified_gmt":"2024-10-09T08:47:34","slug":"activities","status":"publish","type":"page","link":"https:\/\/casavieiralobo.com\/es\/activities\/","title":{"rendered":"Actividades"},"content":{"rendered":"<p>[vc_row css_animation=&#8221;bounceInLeft&#8221;][vc_column width=&#8221;1\/2&#8243;]\t\t<div class=\"homey-module module-title section-title-module text-left \">\r\n\t\t\t<h2 >Geoparque de Arouca<\/h2>\r\n\r\n\t\t\t<p  class=\"sub-heading\"><\/p>\r\n\t\t<\/div>\r\n\t\t[vc_column_text]<span style=\"font-weight: 400;\">El Geoparque de Arouca es un proyecto que pretende proteger y valorizar el patrimonio geol\u00f3gico de Arouca, reconocido internacionalmente. Con 41 geositios identificados y una estrategia de desarrollo territorial, ofrece diversos atractivos, como la Ruta de los Geositios y la Red de Rutas de Senderismo de Arouca.<\/span><\/p>\n<p><span style=\"font-weight: 400;\">Adem\u00e1s, los operadores locales organizan excursiones que permiten explorar peque\u00f1as aldeas pintorescas, maravillas naturales como cascadas, y acercarse a reba\u00f1os de cabras, ovejas y ganado vacuno t\u00edpico de Arouca. Para los m\u00e1s aventureros, tambi\u00e9n existe la posibilidad de descender el r\u00edo Paiva en canoa o kayak.<\/span>[\/vc_column_text][\/vc_column][vc_column width=&#8221;1\/2&#8243;][vc_video link=&#8221;https:\/\/www.youtube.com\/watch?v=1H6A4uQKy9A&amp;t=39s&#8221; align=&#8221;center&#8221;][\/vc_column][\/vc_row][vc_row][vc_column]<div style=\"clear:both; width:100%; height:100px\"><\/div>[\/vc_column][\/vc_row][vc_row css_animation=&#8221;bounceInRight&#8221;][vc_column width=&#8221;1\/2&#8243;][vc_video link=&#8221;https:\/\/www.youtube.com\/watch?v=ARgBfEpbWaY&#8221; align=&#8221;center&#8221;][\/vc_column][vc_column width=&#8221;1\/2&#8243;]\t\t<div class=\"homey-module module-title section-title-module text-left \">\r\n\t\t\t<h2 >Pasarelas de Paiva y Puente 516 Arouca<\/h2>\r\n\r\n\t\t\t<p  class=\"sub-heading\"><\/p>\r\n\t\t<\/div>\r\n\t\t[vc_column_text]<span style=\"font-weight: 400;\">Las Pasarelas de Paiva son una de las mayores atracciones tur\u00edsticas de Arouca y de todo el pa\u00eds. Esta ruta de senderismo de 8 kil\u00f3metros est\u00e1 situada en las laderas de la orilla izquierda del r\u00edo Paiva, uniendo las playas fluviales de Areinho y Espiunca.<\/span><\/p>\n<p><span style=\"font-weight: 400;\">La \u00faltima atracci\u00f3n de los Paseos del Paiva es el Puente 516 Arouca, uno de los mayores puentes peatonales suspendidos del mundo, con 516 metros de longitud y 175 metros de altura. El cruce se realiza sobre un tablero de barandillas met\u00e1licas con guarda lateral.<\/span>[\/vc_column_text][\/vc_column][\/vc_row][vc_row][vc_column]<div style=\"clear:both; width:100%; height:100px\"><\/div>[\/vc_column][\/vc_row][vc_row css_animation=&#8221;bounceInLeft&#8221;][vc_column width=&#8221;1\/2&#8243;]\t\t<div class=\"homey-module module-title section-title-module text-left \">\r\n\t\t\t<h2 >Serra da Freita<\/h2>\r\n\r\n\t\t\t<p  class=\"sub-heading\"><\/p>\r\n\t\t<\/div>\r\n\t\t[vc_column_text]<span style=\"font-weight: 400;\">La Serra da Freita es un destino ineludible de la regi\u00f3n, que alberga 17 de los 41 geositios del Geoparque de Arouca. El aire puro de la monta\u00f1a atrae a todos los que pasan por all\u00ed, llev\u00e1ndoles a explorar senderos que conducen a lugares hist\u00f3ricos como la Mamoa da Portela da Anta.<\/span><\/p>\n<p><span style=\"font-weight: 400;\">De lejos, se pueden ver peque\u00f1as aldeas incrustadas en el paisaje y, de cerca, presenciar fen\u00f3menos \u00fanicos en el mundo, como las Pedras Parideiras. La impresionante cascada Frecha da Mizarela deja sin aliento, y para los m\u00e1s aventureros, las monta\u00f1as ofrecen deportes de aventura y varias rutas de senderismo.<\/span>[\/vc_column_text][\/vc_column][vc_column width=&#8221;1\/2&#8243;][vc_video link=&#8221;https:\/\/www.youtube.com\/watch?v=A8jCiZe8f8Q&#8221; align=&#8221;center&#8221;][\/vc_column][\/vc_row][vc_row][vc_column]<div style=\"clear:both; width:100%; height:100px\"><\/div>[\/vc_column][\/vc_row][vc_row css_animation=&#8221;bounceInRight&#8221;][vc_column width=&#8221;1\/2&#8243;][vc_images_carousel images=&#8221;2859,2858,2857,2856,2855,2854&#8243; img_size=&#8221;full&#8221; autoplay=&#8221;yes&#8221; hide_pagination_control=&#8221;yes&#8221; wrap=&#8221;yes&#8221;][\/vc_column][vc_column width=&#8221;1\/2&#8243;]\t\t<div class=\"homey-module module-title section-title-module text-left \">\r\n\t\t\t<h2 >Mosteiro de Arouca<\/h2>\r\n\r\n\t\t\t<p  class=\"sub-heading\"><\/p>\r\n\t\t<\/div>\r\n\t\t[vc_column_text]<span style=\"font-weight: 400;\">El Monasterio de Arouca fue un convento que alberg\u00f3 monjas durante siglos. Durante la visita guiada, conocer\u00e1 la historia del monasterio, su relaci\u00f3n con la reina Santa Mafalda y la vida cotidiana de las monjas en sus claustros.\u00a0<\/span><\/p>\n<p><span style=\"font-weight: 400;\">No se pierda la visita al Museo de Arte Sacro, donde podr\u00e1 contemplar una valiosa colecci\u00f3n de objetos lit\u00fargicos y otros tesoros de incalculable valor.<\/span>[\/vc_column_text][\/vc_column][\/vc_row][vc_row][vc_column]<div style=\"clear:both; width:100%; height:100px\"><\/div>[\/vc_column][\/vc_row][vc_row css_animation=&#8221;bounceInLeft&#8221;][vc_column width=&#8221;1\/2&#8243;]\t\t<div class=\"homey-module module-title section-title-module text-left \">\r\n\t\t\t<h2 >Ecovia do Arda<\/h2>\r\n\r\n\t\t\t<p  class=\"sub-heading\"><\/p>\r\n\t\t<\/div>\r\n\t\t[vc_column_text]<span style=\"font-weight: 400;\">Situada en el coraz\u00f3n del valle de Arouca, la Ecov\u00eda do Arda atraviesa seis freguesias de la regi\u00f3n, siguiendo siempre el curso del r\u00edo Arda. Con casi 11 kil\u00f3metros de longitud, la ruta puede recorrerse a pie o en bicicleta, revelando a lo largo del camino la vida en el valle y su valioso patrimonio natural y cultural, profundamente vinculado a las labores agr\u00edcolas. A lo largo del recorrido, paneles informativos permiten explorar la geolog\u00eda, la biodiversidad y la historia de esta zona, que forma parte del Geoparque Mundial Arouca de la UNESCO.<\/span>[\/vc_column_text][\/vc_column][vc_column width=&#8221;1\/2&#8243;][vc_video link=&#8221;https:\/\/www.youtube.com\/watch?v=&#8211;WJjX8njas&amp;t=46s&#8221;][\/vc_column][\/vc_row][vc_row css_animation=&#8221;bounceInLeft&#8221;][vc_column]<div style=\"clear:both; width:100%; height:100px\"><\/div>[\/vc_column][\/vc_row][vc_row css_animation=&#8221;bounceInRight&#8221;][vc_column width=&#8221;1\/2&#8243;][vc_images_carousel images=&#8221;2974,2975,2976,2977&#8243; img_size=&#8221;full&#8221; autoplay=&#8221;yes&#8221; hide_pagination_control=&#8221;yes&#8221; wrap=&#8221;yes&#8221;][\/vc_column][vc_column width=&#8221;1\/2&#8243;]\t\t<div class=\"homey-module module-title section-title-module text-left \">\r\n\t\t\t<h2 >Aldeas tradicionales<\/h2>\r\n\r\n\t\t\t<p  class=\"sub-heading\"><\/p>\r\n\t\t<\/div>\r\n\t\t[vc_column_text]<span style=\"font-weight: 400;\">Las aldeas tradicionales de Arouca, construidas en granito o esquisto, conservan tradiciones ancestrales y encantan a los visitantes por su rico patrimonio, sus magn\u00edficos paisajes y la hospitalidad sencilla y c\u00e1lida de sus habitantes. Hay innumerables senderos para recorrer, a pie, en coche o en bicicleta, que conectan estas aldeas. D\u00e9jese envolver por la naturaleza, disfrute del aroma de las flores silvestres, saboree los platos t\u00edpicos de la regi\u00f3n y disfrute de cada momento.<\/span>[\/vc_column_text][\/vc_column][\/vc_row][vc_row css_animation=&#8221;bounceInLeft&#8221;][vc_column]<div style=\"clear:both; width:100%; height:100px\"><\/div>[\/vc_column][\/vc_row][vc_row css_animation=&#8221;bounceInLeft&#8221;][vc_column width=&#8221;1\/2&#8243;]\t\t<div class=\"homey-module module-title section-title-module text-left \">\r\n\t\t\t<h2 >Experi\u00eancia Gastron\u00f3mica<\/h2>\r\n\r\n\t\t\t<p  class=\"sub-heading\"><\/p>\r\n\t\t<\/div>\r\n\t\t[vc_column_text]<span style=\"font-weight: 400;\">Arouca es un verdadero para\u00edso para los amantes de la gastronom\u00eda portuguesa. Aqu\u00ed, la carne es la protagonista: la ternera arouquesa, el cabrito de Gralheira y los filetes de Alvarenga son los platos m\u00e1s destacados de la cocina local. Los vinos verdes de la regi\u00f3n complementan la comida, que termina por todo lo alto con dulces regionales y conventuales.<\/span><\/p>\n<p><span style=\"font-weight: 400;\">Los aficionados a los dulces conventuales quedar\u00e1n encantados con las delicias locales. Las monjas del Monasterio de Santa Mar\u00eda de Arouca dejaron un legado rico en sabores, como casta\u00f1as dulces, manjar de l\u00edngua, roscas y cigarros de almendra, morcelas doces y bola de S. Bernardo. Adem\u00e1s, entre los dulces tradicionales destacan las cavacas, el bizcocho, los melindres y las curiosas &#8220;pedras parideiras&#8221;.<\/span>[\/vc_column_text][\/vc_column][vc_column width=&#8221;1\/2&#8243;][vc_images_carousel images=&#8221;2860,2861,2862,2863,2864,2865&#8243; img_size=&#8221;full&#8221; autoplay=&#8221;yes&#8221; hide_pagination_control=&#8221;yes&#8221; wrap=&#8221;yes&#8221; css=&#8221;.vc_custom_1723564011176{margin-right: 0px !important;}&#8221;][\/vc_column][\/vc_row]<\/p>\n","protected":false},"excerpt":{"rendered":"<p>[vc_row css_animation=&#8221;bounceInLeft&#8221;][vc_column width=&#8221;1\/2&#8243;][vc_column_text]El Geoparque de Arouca es un proyecto que pretende proteger y valorizar el patrimonio geol\u00f3gico de Arouca, reconocido internacionalmente. Con 41 geositios identificados y una estrategia de desarrollo territorial, ofrece diversos atractivos, como la Ruta de los Geositios y la Red de Rutas de Senderismo de Arouca. Adem\u00e1s, los operadores locales organizan excursiones [&hellip;]<\/p>\n","protected":false},"author":1,"featured_media":0,"parent":0,"menu_order":0,"comment_status":"closed","ping_status":"closed","template":"","meta":{"inline_featured_image":false,"footnotes":"","_joinchat":[]},"_links":{"self":[{"href":"https:\/\/casavieiralobo.com\/es\/wp-json\/wp\/v2\/pages\/2808"}],"collection":[{"href":"https:\/\/casavieiralobo.com\/es\/wp-json\/wp\/v2\/pages"}],"about":[{"href":"https:\/\/casavieiralobo.com\/es\/wp-json\/wp\/v2\/types\/page"}],"author":[{"embeddable":true,"href":"https:\/\/casavieiralobo.com\/es\/wp-json\/wp\/v2\/users\/1"}],"replies":[{"embeddable":true,"href":"https:\/\/casavieiralobo.com\/es\/wp-json\/wp\/v2\/comments?post=2808"}],"version-history":[{"count":31,"href":"https:\/\/casavieiralobo.com\/es\/wp-json\/wp\/v2\/pages\/2808\/revisions"}],"predecessor-version":[{"id":3095,"href":"https:\/\/casavieiralobo.com\/es\/wp-json\/wp\/v2\/pages\/2808\/revisions\/3095"}],"wp:attachment":[{"href":"https:\/\/casavieiralobo.com\/es\/wp-json\/wp\/v2\/media?parent=2808"}],"curies":[{"name":"wp","href":"https:\/\/api.w.org\/{rel}","templated":true}]}}