{"id":2302,"date":"2021-02-10T16:06:46","date_gmt":"2021-02-10T16:06:46","guid":{"rendered":"https:\/\/casavieiralobo.com\/?page_id=2302"},"modified":"2024-09-16T11:30:45","modified_gmt":"2024-09-16T11:30:45","slug":"terms-and-conditions","status":"publish","type":"page","link":"https:\/\/casavieiralobo.com\/es\/terms-and-conditions\/","title":{"rendered":"T\u00e9rminos y condiciones"},"content":{"rendered":"<p><b>1 \\ Pol\u00edtica de reservas<\/b><\/p>\n<p><span style=\"font-weight: 400;\">Se aceptan reservas realizadas por correo electr\u00f3nico, tel\u00e9fono y plataformas de reserva. Tras el proceso de reserva, se enviar\u00e1 un comprobante con todos los datos para que pueda ser confirmada por el hu\u00e9sped.<\/span><\/p>\n<p><span style=\"font-weight: 400;\">Una vez validada, se deber\u00e1 realizar una transferencia bancaria del 100% del importe total de la reserva para que \u00e9sta quede formalizada. El plazo para realizar el pago es de 48 horas, y el comprobante deber\u00e1 enviarse por correo electr\u00f3nico a casavieiraloboarouca@gmail.com. Una vez enviado el comprobante, la reserva ser\u00e1 confirmada por Casa Vieira Lobo. Las reservas se validar\u00e1n por orden de llegada.<\/span><\/p>\n<p><span style=\"font-weight: 400;\">Salvo que se especifique lo contrario, las estancias m\u00ednimas son de dos noches.<\/span><\/p>\n<p>&nbsp;<\/p>\n<p><b>2 \\ Check-in | Check-out<\/b><\/p>\n<p><span style=\"font-weight: 400;\">Check-in: De 15:00 a 18:00<\/span><\/p>\n<p><span style=\"font-weight: 400;\">Check-out: Hasta las 11:00<\/span><\/p>\n<p><span style=\"font-weight: 400;\">En el check-in, los hu\u00e9spedes deber\u00e1n identificarse y presentar su documento de identidad (DNI\/pasaporte) para su verificaci\u00f3n.<\/span><\/p>\n<p><span style=\"font-weight: 400;\">La salida podr\u00e1 efectuarse fuera del horario establecido, siempre que se compruebe la disponibilidad y que estos cambios no afecten a otras reservas ni a las tareas de limpieza del alojamiento.<\/span><\/p>\n<p><span style=\"font-weight: 400;\">En caso de que el alojamiento no sea desalojado antes de las 11:00 horas del d\u00eda de salida, sin justificaci\u00f3n o consentimiento previo de Casa Vieira Lobo, se cobrar\u00e1 inmediatamente una indemnizaci\u00f3n.\u00a0<\/span><\/p>\n<p><span style=\"font-weight: 400;\">La Casa Vieira Lobo no dispone de servicio de recepci\u00f3n 24 horas. Se ruega a los hu\u00e9spedes que avisen 30 minutos antes de la hora prevista de llegada.<\/span><\/p>\n<p>&nbsp;<\/p>\n<p><b>3 \\ Pol\u00edtica de cancelaci\u00f3n<\/b><\/p>\n<p><span style=\"font-weight: 400;\">Para cancelar o modificar las fechas de su reserva, env\u00edenos un correo electr\u00f3nico a casavieiraloboarouca@gmail.com. S\u00f3lo se aceptar\u00e1n las cancelaciones o modificaciones recibidas por este medio.<\/span><\/p>\n<p><span style=\"font-weight: 400;\">La cancelaci\u00f3n de la reserva est\u00e1 sujeta a las siguientes condiciones:<\/span><\/p>\n<p><span style=\"font-weight: 400;\">&#8211; Hasta 14 d\u00edas antes de la fecha de entrada, el cliente recibir\u00e1 el importe \u00edntegro abonado por la reserva (100% de la estancia);<\/span><\/p>\n<p><span style=\"font-weight: 400;\">&#8211; En los 7 d\u00edas anteriores al check-in, se cobrar\u00e1 el 50% del importe total de la reserva;<\/span><\/p>\n<p>&nbsp;<\/p>\n<p><span style=\"font-weight: 400;\">Si el cliente no se presenta el d\u00eda indicado para el check-in, se cargar\u00e1 el importe correspondiente a la primera noche. En situaciones de fuerza mayor, debidamente comprobadas por el Hu\u00e9sped, en las que sea necesaria una salida anticipada, con fecha anterior al check-out, o la cancelaci\u00f3n de la reserva, Casa Vieira Lobo entregar\u00e1 un Bono al Hu\u00e9sped con fecha para una estancia futura, programada de acuerdo con la disponibilidad del Alojamiento.<\/span><\/p>\n<p>&nbsp;<\/p>\n<p><b>4 \\ Modificaciones de la reserva<\/b><\/p>\n<p><span style=\"font-weight: 400;\">Si desea realizar cambios en la reserva inicial, como cambiar la fecha de entrada o salida, debe informarnos de su intenci\u00f3n por correo electr\u00f3nico. Si es posible, Casa Vieira Lobo realizar\u00e1 los cambios solicitados.<\/span><\/p>\n<p><span style=\"font-weight: 400;\">Se permiten cambios de fechas previo pago de la diferencia entre las tarifas de temporada baja y alta.\u00a0<\/span><\/p>\n<p><span style=\"font-weight: 400;\">Los cambios de fecha deben realizarse hasta 3 d\u00edas antes del d\u00eda inicialmente reservado. Ou seja, n\u00e3o pode ser efectuado um dia antes do dia inicialmente reservado. Una reserva s\u00f3lo se puede reprogramar una vez y, para una reserva ya reprogramada, se aplican las condiciones generales de cancelaci\u00f3n sobre el importe inicialmente abonado.<\/span><\/p>\n<p>&nbsp;<\/p>\n<p><b>5 \\ Formas de pago<\/b><\/p>\n<p><span style=\"font-weight: 400;\">Los importes de los pagos se mencionar\u00e1n en el momento de efectuar la reserva y podr\u00e1n variar en funci\u00f3n de la \u00e9poca del a\u00f1o elegida por el hu\u00e9sped.\u00a0<\/span><\/p>\n<p><span style=\"font-weight: 400;\">Las reservas se ejecutar\u00e1n previo pago del importe total de la estancia y previa recepci\u00f3n del justificante de pago que se enviar\u00e1 a la direcci\u00f3n de correo electr\u00f3nico (casavieiraloboarouca@gmail.com).<\/span><\/p>\n<p><span style=\"font-weight: 400;\">La falta de pago de este importe conllevar\u00e1 autom\u00e1ticamente la anulaci\u00f3n de la reserva.<\/span><\/p>\n<p><span style=\"font-weight: 400;\">Casa Vieira Lobo ofrece las siguientes formas de pago: transferencia bancaria y cajero autom\u00e1tico in situ.<\/span><\/p>\n<p>&nbsp;<\/p>\n<p><b>6 \\ Cama supletoria y tarifa para ni\u00f1os<\/b><\/p>\n<p><span style=\"font-weight: 400;\">Los ni\u00f1os de hasta 3 a\u00f1os se alojan gratis.<\/span><\/p>\n<p><span style=\"font-weight: 400;\">Los ni\u00f1os de 4 a 17 a\u00f1os se alojan por 25 EUR por ni\u00f1o y noche.<\/span><\/p>\n<p><span style=\"font-weight: 400;\">S\u00f3lo se puede colocar 1 cama supletoria\/cuna por suite. El precio de cada cama supletoria es de 25 EUR por noche. Las camas supletorias est\u00e1n sujetas a disponibilidad.\u00a0\u00a0<\/span><\/p>\n<p><span style=\"font-weight: 400;\">Si se utiliza una cuna, los ni\u00f1os de hasta 3 a\u00f1os se alojan gratis.<\/span><\/p>\n<p>&nbsp;<\/p>\n<p><b>SERVICIOS<\/b><\/p>\n<p><span style=\"font-weight: 400;\">Desayuno<\/span><\/p>\n<p><span style=\"font-weight: 400;\">El desayuno se sirve entre las 09:00 y las 11:00. Cualquier petici\u00f3n espec\u00edfica de un producto en particular debe hacerse en el momento de la reserva.\u00a0<\/span><\/p>\n<p><span style=\"font-weight: 400;\">Bar<\/span><\/p>\n<p><span style=\"font-weight: 400;\">El bar puede utilizarse de forma independiente. Utilice una tarjeta para anotar lo que consuma durante su estancia. Presente la tarjeta a la salida.<\/span><\/p>\n<p><span style=\"font-weight: 400;\">Limpieza<\/span><\/p>\n<p><span style=\"font-weight: 400;\">Cuando llegue, su habitaci\u00f3n estar\u00e1 limpia y lista para ser ocupada, con ropa de cama, toallas de ba\u00f1o y art\u00edculos de aseo.\u00a0<\/span><\/p>\n<p><span style=\"font-weight: 400;\">La habitaci\u00f3n se limpia a diario por la ma\u00f1ana, a menos que se solicite lo contrario.<\/span><\/p>\n<p>&nbsp;<\/p>\n<p><b>Responsabilidad de Casa Vieira Lobo<\/b><\/p>\n<p><span style=\"font-weight: 400;\">A Casa Vieira Lobo \u00e9 respons\u00e1vel pelas adequadas condi\u00e7\u00f5es de higiene, limpeza e seguran\u00e7a dos h\u00f3spedes.<\/span><\/p>\n<p><span style=\"font-weight: 400;\">A Casa Vieira Lobo n\u00e3o se responsabiliza pelos enseres pessoais que possam faltar no seu local.<\/span><\/p>\n<p><span style=\"font-weight: 400;\">Casa Vieira Lobo no ser\u00e1 responsable ante el hu\u00e9sped en caso de retraso en la puesta a disposici\u00f3n del alojamiento, si existe una raz\u00f3n de fuerza mayor. Son causas de fuerza mayor aquellas que imposibiliten o dificulten la puesta a disposici\u00f3n del alojamiento, tales como cat\u00e1strofes naturales, accidentes en el propio alojamiento, huelgas, bloqueos.<\/span><\/p>\n<p>&nbsp;<\/p>\n<p><b>Responsabilidad de los invitados<\/b><\/p>\n<p><span style=\"font-weight: 400;\">Respetar las normas establecidas cooperando en el cumplimiento de las mismas.<\/span><\/p>\n<p><span style=\"font-weight: 400;\">Honrar la dignidad personal de los dem\u00e1s hu\u00e9spedes y del personal de la Casa Vieira Lobo.\u00a0<\/span><\/p>\n<p><span style=\"font-weight: 400;\">Comunicar las anomal\u00edas o deficiencias que observen en el funcionamiento de la AL, para que sean subsanadas inmediatamente.<\/span><\/p>\n<p><span style=\"font-weight: 400;\">Utilizar las instalaciones de la Casa Vieira Lobo de forma adecuada y cuidadosa, responsabiliz\u00e1ndose de los da\u00f1os causados al alojamiento.<\/span><\/p>\n<p>&nbsp;<\/p>\n<p><b>Da\u00f1os a la propiedad<\/b><\/p>\n<p><span style=\"font-weight: 400;\">Usted est\u00e1 obligado a indemnizar a Casa Vieira Lobo por cualquier da\u00f1o causado a la unidad de alojamiento y\/o a sus instalaciones de apoyo.<\/span><\/p>\n<p>&nbsp;<\/p>\n<p><b>Animales de compa\u00f1\u00eda<\/b><\/p>\n<p><span style=\"font-weight: 400;\">Dados los requisitos legales para el alojamiento de animales, no se permiten mascotas.<\/span><\/p>\n<p>&nbsp;<\/p>\n<p><b>Prohibiciones generales<\/b><\/p>\n<p><span style=\"font-weight: 400;\">Est\u00e1 prohibido fumar dentro de las habitaciones y en los espacios abiertos.<\/span><\/p>\n<p><span style=\"font-weight: 400;\">Producci\u00f3n de ruido entre las 22h y las 8h.<\/span><\/p>\n","protected":false},"excerpt":{"rendered":"<p>1 \\ Pol\u00edtica de reservas Se aceptan reservas realizadas por correo electr\u00f3nico, tel\u00e9fono y plataformas de reserva. Tras el proceso de reserva, se enviar\u00e1 un comprobante con todos los datos para que pueda ser confirmada por el hu\u00e9sped. Una vez validada, se deber\u00e1 realizar una transferencia bancaria del 100% del importe total de la reserva [&hellip;]<\/p>\n","protected":false},"author":1,"featured_media":0,"parent":0,"menu_order":0,"comment_status":"closed","ping_status":"open","template":"","meta":{"inline_featured_image":false,"footnotes":"","_joinchat":[]},"_links":{"self":[{"href":"https:\/\/casavieiralobo.com\/es\/wp-json\/wp\/v2\/pages\/2302"}],"collection":[{"href":"https:\/\/casavieiralobo.com\/es\/wp-json\/wp\/v2\/pages"}],"about":[{"href":"https:\/\/casavieiralobo.com\/es\/wp-json\/wp\/v2\/types\/page"}],"author":[{"embeddable":true,"href":"https:\/\/casavieiralobo.com\/es\/wp-json\/wp\/v2\/users\/1"}],"replies":[{"embeddable":true,"href":"https:\/\/casavieiralobo.com\/es\/wp-json\/wp\/v2\/comments?post=2302"}],"version-history":[{"count":8,"href":"https:\/\/casavieiralobo.com\/es\/wp-json\/wp\/v2\/pages\/2302\/revisions"}],"predecessor-version":[{"id":3025,"href":"https:\/\/casavieiralobo.com\/es\/wp-json\/wp\/v2\/pages\/2302\/revisions\/3025"}],"wp:attachment":[{"href":"https:\/\/casavieiralobo.com\/es\/wp-json\/wp\/v2\/media?parent=2302"}],"curies":[{"name":"wp","href":"https:\/\/api.w.org\/{rel}","templated":true}]}}